{"id":10,"date":"2025-08-24T12:43:18","date_gmt":"2025-08-24T12:43:18","guid":{"rendered":"https:\/\/tachion.com.br\/luiztorellopsicanalistasjc.com.br\/?page_id=10"},"modified":"2025-09-04T20:21:40","modified_gmt":"2025-09-04T20:21:40","slug":"home","status":"publish","type":"page","link":"https:\/\/tachion.com.br\/luiztorellopsicanalistasjc.com.br\/","title":{"rendered":"Home"},"content":{"rendered":"<p>[et_pb_section fb_built=&#8221;1&#8243; admin_label=&#8221;Header&#8221; _builder_version=&#8221;4.27.4&#8243; _module_preset=&#8221;e5684c8f-c0a7-4f75-a2c1-8be900c6d9b1&#8243; background_color=&#8221;#72532b&#8221; background_enable_image=&#8221;off&#8221; custom_padding=&#8221;8vw||0px||false|false&#8221; collapsed=&#8221;on&#8221; global_colors_info=&#8221;{}&#8221;][et_pb_row column_structure=&#8221;1_2,1_2&#8243; _builder_version=&#8221;4.27.4&#8243; _module_preset=&#8221;default&#8221; custom_padding=&#8221;||0px||false|false&#8221; global_colors_info=&#8221;{}&#8221;][et_pb_column type=&#8221;1_2&#8243; _builder_version=&#8221;4.27.4&#8243; _module_preset=&#8221;default&#8221; global_colors_info=&#8221;{}&#8221;][et_pb_heading title=&#8221;Transforme sua vida com Psican\u00e1lise Online&#8221; _builder_version=&#8221;4.27.4&#8243; _module_preset=&#8221;34c570fb-7fed-47db-a7c5-2e992076455f&#8221; title_text_color=&#8221;#FFFFFF&#8221; custom_padding=&#8221;|2px||||&#8221; global_colors_info=&#8221;{}&#8221;][\/et_pb_heading][\/et_pb_column][et_pb_column type=&#8221;1_2&#8243; _builder_version=&#8221;4.27.4&#8243; _module_preset=&#8221;default&#8221; global_colors_info=&#8221;{}&#8221;][et_pb_image src=&#8221;https:\/\/tachion.com.br\/luiztorellopsicanalistasjc.com.br\/wp-content\/uploads\/2025\/08\/torello.jpg&#8221; title_text=&#8221;torello&#8221; _builder_version=&#8221;4.27.4&#8243; _module_preset=&#8221;default&#8221; width=&#8221;55%&#8221; max_width=&#8221;100%&#8221; border_radii=&#8221;on|120px|120px|120px|120px&#8221; global_colors_info=&#8221;{}&#8221;][\/et_pb_image][\/et_pb_column][\/et_pb_row][et_pb_row column_structure=&#8221;1_2,1_2&#8243; _builder_version=&#8221;4.27.4&#8243; _module_preset=&#8221;default&#8221; custom_padding=&#8221;||0px||false|false&#8221; global_colors_info=&#8221;{}&#8221;][et_pb_column type=&#8221;1_2&#8243; _builder_version=&#8221;4.27.4&#8243; _module_preset=&#8221;default&#8221; global_colors_info=&#8221;{}&#8221;][et_pb_text _builder_version=&#8221;4.27.4&#8243; _module_preset=&#8221;9da4c39e-7749-4c95-982b-6892ba6d2d68&#8243; custom_margin=&#8221;|||178px||&#8221; global_colors_info=&#8221;{}&#8221;]<\/p>\n<p style=\"text-align: right;\"><span style=\"font-size: x-large;\">Acolhimento, <br \/><\/span><span style=\"font-size: x-large;\">escuta ativa e sigilo <br \/>para seu bem\u2011estar emocional<\/span><\/p>\n<p>[\/et_pb_text][\/et_pb_column][et_pb_column type=&#8221;1_2&#8243; _builder_version=&#8221;4.27.4&#8243; _module_preset=&#8221;4c1e85e6-9a6a-4ffb-9277-136cf120df38&#8243; global_colors_info=&#8221;{}&#8221;][et_pb_heading title=&#8221;Luiz Torello &#8221; _builder_version=&#8221;4.27.4&#8243; _module_preset=&#8221;default&#8221; custom_margin=&#8221;||10px||false|false&#8221; global_colors_info=&#8221;{}&#8221;][\/et_pb_heading][et_pb_text _builder_version=&#8221;4.27.4&#8243; _module_preset=&#8221;default&#8221; global_colors_info=&#8221;{}&#8221;]<\/p>\n<p style=\"text-align: left;\"><span>Psicanalista \u2022 S\u00e3o Jos\u00e9 dos Campos Atendimento 100% online<\/span><\/p>\n<p>[\/et_pb_text][\/et_pb_column][\/et_pb_row][\/et_pb_section][et_pb_section fb_built=&#8221;1&#8243; admin_label=&#8221;About&#8221; _builder_version=&#8221;4.27.4&#8243; _module_preset=&#8221;default&#8221; collapsed=&#8221;on&#8221; global_colors_info=&#8221;{}&#8221;][et_pb_row _builder_version=&#8221;4.27.4&#8243; _module_preset=&#8221;default&#8221; max_width=&#8221;900px&#8221; global_colors_info=&#8221;{}&#8221;][et_pb_column type=&#8221;4_4&#8243; _builder_version=&#8221;4.27.4&#8243; _module_preset=&#8221;default&#8221; global_colors_info=&#8221;{}&#8221;][et_pb_heading title=&#8221;Conhe\u00e7a Luiz Torello: Sua Jornada no Autoconhecimento&#8221; _builder_version=&#8221;4.27.4&#8243; _module_preset=&#8221;89c78245-9f30-4535-ae8c-27ffda6a914a&#8221; global_colors_info=&#8221;{}&#8221;][\/et_pb_heading][\/et_pb_column][\/et_pb_row][et_pb_row column_structure=&#8221;1_3,1_3,1_3&#8243; _builder_version=&#8221;4.27.4&#8243; _module_preset=&#8221;default&#8221; max_width=&#8221;900px&#8221; custom_padding=&#8221;37px|||||&#8221; global_colors_info=&#8221;{}&#8221;][et_pb_column type=&#8221;1_3&#8243; _builder_version=&#8221;4.27.4&#8243; _module_preset=&#8221;default&#8221; global_colors_info=&#8221;{}&#8221;][et_pb_heading title=&#8221;Forma\u00e7\u00e3o e Experi\u00eancia Acad\u00eamica&#8221; _builder_version=&#8221;4.27.4&#8243; _module_preset=&#8221;98065e3f-b05a-4bfb-bd6e-c867f4380223&#8243; global_colors_info=&#8221;{}&#8221;][\/et_pb_heading][et_pb_text _builder_version=&#8221;4.27.4&#8243; _module_preset=&#8221;default&#8221; custom_padding=&#8221;|||30px|false|false&#8221; custom_padding_tablet=&#8221;|||30px|false|false&#8221; custom_padding_phone=&#8221;|||20px|false|false&#8221; custom_padding_last_edited=&#8221;on|phone&#8221; border_color_all=&#8221;gcid-00af8519-940d-4f62-84af-484aba407c29&#8243; border_width_left=&#8221;1px&#8221; global_colors_info=&#8221;{%22gcid-00af8519-940d-4f62-84af-484aba407c29%22:%91%22border_color_all%22%93}&#8221;]<\/p>\n<p><span>Psicanalista formado pelo Instituto Brasileiro de Psican\u00e1lise Cl\u00ednica de Campinas. Forma\u00e7\u00e3o em Direito (OAB 28.162), Administra\u00e7\u00e3o (CRA 2524) e especializa\u00e7\u00e3o na ESPM-SP, sustentando uma vis\u00e3o ampla e multidisciplinar.<\/span><\/p>\n<p>[\/et_pb_text][\/et_pb_column][et_pb_column type=&#8221;1_3&#8243; _builder_version=&#8221;4.27.4&#8243; _module_preset=&#8221;default&#8221; global_colors_info=&#8221;{}&#8221;][et_pb_heading title=&#8221;Experi\u00eancia Profissional&#8221; _builder_version=&#8221;4.27.4&#8243; _module_preset=&#8221;98065e3f-b05a-4bfb-bd6e-c867f4380223&#8243; global_colors_info=&#8221;{}&#8221;][\/et_pb_heading][et_pb_text _builder_version=&#8221;4.27.4&#8243; _module_preset=&#8221;default&#8221; custom_padding=&#8221;6px|||30px|false|false&#8221; custom_padding_tablet=&#8221;|||30px|false|false&#8221; custom_padding_phone=&#8221;|||20px|false|false&#8221; custom_padding_last_edited=&#8221;on|phone&#8221; border_color_all=&#8221;gcid-00af8519-940d-4f62-84af-484aba407c29&#8243; border_width_left=&#8221;1px&#8221; global_colors_info=&#8221;{%22gcid-00af8519-940d-4f62-84af-484aba407c29%22:%91%22border_color_all%22%93}&#8221;]<\/p>\n<p><span>Atua\u00e7\u00e3o em ambientes corporativos nacionais e multinacionais, especialmente em Recursos Humanos, agregando uma perspectiva pr\u00e1tica \u00e0 cl\u00ednica.<\/span><\/p>\n<p>[\/et_pb_text][\/et_pb_column][et_pb_column type=&#8221;1_3&#8243; _builder_version=&#8221;4.27.4&#8243; _module_preset=&#8221;default&#8221; global_colors_info=&#8221;{}&#8221;][et_pb_heading title=&#8221;Gest\u00e3o e Lideran\u00e7a&#8221; _builder_version=&#8221;4.27.4&#8243; _module_preset=&#8221;98065e3f-b05a-4bfb-bd6e-c867f4380223&#8243; global_colors_info=&#8221;{}&#8221;][\/et_pb_heading][et_pb_text _builder_version=&#8221;4.27.4&#8243; _module_preset=&#8221;default&#8221; custom_padding=&#8221;6px|||30px|false|false&#8221; custom_padding_tablet=&#8221;|||30px|false|false&#8221; custom_padding_phone=&#8221;|||20px|false|false&#8221; custom_padding_last_edited=&#8221;on|phone&#8221; border_color_all=&#8221;gcid-00af8519-940d-4f62-84af-484aba407c29&#8243; border_width_left=&#8221;1px&#8221; global_colors_info=&#8221;{%22gcid-00af8519-940d-4f62-84af-484aba407c29%22:%91%22border_color_all%22%93}&#8221;]<\/p>\n<p><span>Passagens por BENDIX, EMBRAER e AMICO Assist\u00eancia M\u00e9dica e Hospitalar, com lideran\u00e7a de equipes e desenvolvimento de pessoas.<\/span><\/p>\n<p>[\/et_pb_text][\/et_pb_column][\/et_pb_row][\/et_pb_section][et_pb_section fb_built=&#8221;1&#8243; _builder_version=&#8221;4.27.4&#8243; _module_preset=&#8221;default&#8221; global_colors_info=&#8221;{}&#8221;][et_pb_row _builder_version=&#8221;4.27.4&#8243; _module_preset=&#8221;default&#8221; global_colors_info=&#8221;{}&#8221;][et_pb_column type=&#8221;4_4&#8243; _builder_version=&#8221;4.27.4&#8243; _module_preset=&#8221;default&#8221; global_colors_info=&#8221;{}&#8221;][et_pb_divider _builder_version=&#8221;4.27.4&#8243; _module_preset=&#8221;default&#8221; global_colors_info=&#8221;{}&#8221;][\/et_pb_divider][\/et_pb_column][\/et_pb_row][\/et_pb_section][et_pb_section fb_built=&#8221;1&#8243; _builder_version=&#8221;4.27.4&#8243; _module_preset=&#8221;default&#8221; min_height=&#8221;201.8px&#8221; global_colors_info=&#8221;{}&#8221;][et_pb_row _builder_version=&#8221;4.27.4&#8243; _module_preset=&#8221;default&#8221; global_colors_info=&#8221;{}&#8221;][et_pb_column type=&#8221;4_4&#8243; _builder_version=&#8221;4.27.4&#8243; _module_preset=&#8221;default&#8221; global_colors_info=&#8221;{}&#8221;][et_pb_text _builder_version=&#8221;4.27.4&#8243; _module_preset=&#8221;default&#8221; min_height=&#8221;100px&#8221; height=&#8221;100px&#8221; max_height=&#8221;100px&#8221; custom_padding=&#8221;||18px|||&#8221; global_colors_info=&#8221;{}&#8221;]<\/p>\n<h2 style=\"text-align: center;\">Atendimentos Especializados<\/h2>\n<p>[\/et_pb_text][\/et_pb_column][\/et_pb_row][et_pb_row column_structure=&#8221;1_3,1_3,1_3&#8243; _builder_version=&#8221;4.27.4&#8243; _module_preset=&#8221;default&#8221; max_width=&#8221;868px&#8221; global_colors_info=&#8221;{}&#8221;][et_pb_column type=&#8221;1_3&#8243; _builder_version=&#8221;4.27.4&#8243; _module_preset=&#8221;default&#8221; global_colors_info=&#8221;{}&#8221;][et_pb_heading title=&#8221;Para Adolescentes&#8221; _builder_version=&#8221;4.27.4&#8243; _module_preset=&#8221;83b25d38-9050-4057-8aef-30ba60861c3b&#8221; title_text_align=&#8221;center&#8221; global_colors_info=&#8221;{}&#8221;][\/et_pb_heading][\/et_pb_column][et_pb_column type=&#8221;1_3&#8243; _builder_version=&#8221;4.27.4&#8243; _module_preset=&#8221;default&#8221; global_colors_info=&#8221;{}&#8221;][et_pb_heading title=&#8221;Para Adultos&#8221; _builder_version=&#8221;4.27.4&#8243; _module_preset=&#8221;83b25d38-9050-4057-8aef-30ba60861c3b&#8221; title_text_align=&#8221;center&#8221; global_colors_info=&#8221;{}&#8221;][\/et_pb_heading][\/et_pb_column][et_pb_column type=&#8221;1_3&#8243; _builder_version=&#8221;4.27.4&#8243; _module_preset=&#8221;default&#8221; global_colors_info=&#8221;{}&#8221;][et_pb_heading title=&#8221;Orienta\u00e7\u00e3o Parental&#8221; _builder_version=&#8221;4.27.4&#8243; _module_preset=&#8221;83b25d38-9050-4057-8aef-30ba60861c3b&#8221; title_text_align=&#8221;center&#8221; global_colors_info=&#8221;{}&#8221;][\/et_pb_heading][\/et_pb_column][\/et_pb_row][et_pb_row column_structure=&#8221;1_3,1_3,1_3&#8243; _builder_version=&#8221;4.27.4&#8243; _module_preset=&#8221;default&#8221; width=&#8221;68%&#8221; global_colors_info=&#8221;{}&#8221;][et_pb_column type=&#8221;1_3&#8243; _builder_version=&#8221;4.27.4&#8243; _module_preset=&#8221;default&#8221; global_colors_info=&#8221;{}&#8221;][et_pb_text _builder_version=&#8221;4.27.4&#8243; _module_preset=&#8221;default&#8221; global_colors_info=&#8221;{}&#8221;]<\/p>\n<p><span>Acolhimento e informa\u00e7\u00f5es sobre mudan\u00e7as org\u00e2nicas, ps\u00edquicas e comportamentais, auxiliando na busca de identidade pessoal, social e profissional.<\/span><\/p>\n<p>[\/et_pb_text][\/et_pb_column][et_pb_column type=&#8221;1_3&#8243; _builder_version=&#8221;4.27.4&#8243; _module_preset=&#8221;default&#8221; global_colors_info=&#8221;{}&#8221;][et_pb_text _builder_version=&#8221;4.27.4&#8243; _module_preset=&#8221;default&#8221; global_colors_info=&#8221;{}&#8221;]<\/p>\n<p><span>Espa\u00e7o seguro para acolher inquietudes e dores emocionais, visando autoconhecimento e melhoria duradoura da qualidade de vida.<\/span><\/p>\n<p>[\/et_pb_text][\/et_pb_column][et_pb_column type=&#8221;1_3&#8243; _builder_version=&#8221;4.27.4&#8243; _module_preset=&#8221;default&#8221; global_colors_info=&#8221;{}&#8221;][et_pb_text _builder_version=&#8221;4.27.4&#8243; _module_preset=&#8221;default&#8221; global_colors_info=&#8221;{}&#8221;]<\/p>\n<p><span>Apoio a pais e respons\u00e1veis, guiando adolescentes nessa fase crucial, rumo \u00e0 consolida\u00e7\u00e3o de sua personalidade.<\/span><\/p>\n<p>[\/et_pb_text][\/et_pb_column][\/et_pb_row][\/et_pb_section][et_pb_section fb_built=&#8221;1&#8243; admin_label=&#8221;How It Works?&#8221; _builder_version=&#8221;4.27.4&#8243; _module_preset=&#8221;default&#8221; collapsed=&#8221;on&#8221; global_colors_info=&#8221;{}&#8221;][et_pb_row column_structure=&#8221;1_2,1_2&#8243; _builder_version=&#8221;4.27.4&#8243; _module_preset=&#8221;default&#8221; global_colors_info=&#8221;{}&#8221;][et_pb_column type=&#8221;1_2&#8243; _builder_version=&#8221;4.27.4&#8243; _module_preset=&#8221;default&#8221; global_colors_info=&#8221;{}&#8221;][et_pb_heading title=&#8221;A Psican\u00e1lise para o seu Bem\u2011Estar&#8221; _builder_version=&#8221;4.27.4&#8243; _module_preset=&#8221;89c78245-9f30-4535-ae8c-27ffda6a914a&#8221; global_colors_info=&#8221;{}&#8221;][\/et_pb_heading][et_pb_text _builder_version=&#8221;4.27.4&#8243; _module_preset=&#8221;default&#8221; global_colors_info=&#8221;{}&#8221;]<\/p>\n<p><span>Com escuta ativa e total sigilo, cada sess\u00e3o \u00e9 um passo rumo a uma vida mais plena e consciente.<\/span><\/p>\n<p>[\/et_pb_text][\/et_pb_column][et_pb_column type=&#8221;1_2&#8243; _builder_version=&#8221;4.27.4&#8243; _module_preset=&#8221;default&#8221; global_colors_info=&#8221;{}&#8221;][et_pb_toggle title=&#8221;Qualidade de vida:&#8221; _builder_version=&#8221;4.27.4&#8243; _module_preset=&#8221;05b6b256-5de7-4a78-93b4-c3af9a1d59ab&#8221; global_colors_info=&#8221;{}&#8221;]<\/p>\n<p><span>foco no bem\u2011estar geral e na forma de lidar com os desafios da vida.<\/span><\/p>\n<p>[\/et_pb_toggle][et_pb_toggle title=&#8221;Autoconhecimento profundo:&#8221; _builder_version=&#8221;4.27.4&#8243; _module_preset=&#8221;05b6b256-5de7-4a78-93b4-c3af9a1d59ab&#8221; global_colors_info=&#8221;{}&#8221;]<\/p>\n<p><span>compreens\u00e3o mais clara de si mesmo e de suas emo\u00e7\u00f5es.<\/span><\/p>\n<p>[\/et_pb_toggle][et_pb_toggle title=&#8221;Redu\u00e7\u00e3o de conflitos:&#8221; _builder_version=&#8221;4.27.4&#8243; _module_preset=&#8221;05b6b256-5de7-4a78-93b4-c3af9a1d59ab&#8221; global_colors_info=&#8221;{}&#8221;]<\/p>\n<p><span>identificar e mitigar conflitos pessoais e interpessoais.<\/span><\/p>\n<p>[\/et_pb_toggle][\/et_pb_column][\/et_pb_row][\/et_pb_section][et_pb_section fb_built=&#8221;1&#8243; _builder_version=&#8221;4.27.4&#8243; _module_preset=&#8221;default&#8221; global_colors_info=&#8221;{}&#8221;][et_pb_row _builder_version=&#8221;4.27.4&#8243; _module_preset=&#8221;default&#8221; global_colors_info=&#8221;{}&#8221;][et_pb_column type=&#8221;4_4&#8243; _builder_version=&#8221;4.27.4&#8243; _module_preset=&#8221;default&#8221; global_colors_info=&#8221;{}&#8221;][et_pb_divider _builder_version=&#8221;4.27.4&#8243; _module_preset=&#8221;default&#8221; global_colors_info=&#8221;{}&#8221;][\/et_pb_divider][\/et_pb_column][\/et_pb_row][\/et_pb_section]<\/p>\n","protected":false},"excerpt":{"rendered":"<p>Acolhimento, escuta ativa e sigilo para seu bem\u2011estar emocionalPsicanalista \u2022 S\u00e3o Jos\u00e9 dos Campos Atendimento 100% onlinePsicanalista formado pelo Instituto Brasileiro de Psican\u00e1lise Cl\u00ednica de Campinas. Forma\u00e7\u00e3o em Direito (OAB 28.162), Administra\u00e7\u00e3o (CRA 2524) e especializa\u00e7\u00e3o na ESPM-SP, sustentando uma vis\u00e3o ampla e multidisciplinar.Atua\u00e7\u00e3o em ambientes corporativos nacionais e multinacionais, especialmente em Recursos Humanos, agregando [&hellip;]<\/p>\n","protected":false},"author":1,"featured_media":0,"parent":0,"menu_order":0,"comment_status":"closed","ping_status":"closed","template":"","meta":{"_et_pb_use_builder":"on","_et_pb_old_content":"","_et_gb_content_width":"","footnotes":""},"class_list":["post-10","page","type-page","status-publish","hentry"],"jetpack_sharing_enabled":true,"_links":{"self":[{"href":"https:\/\/tachion.com.br\/luiztorellopsicanalistasjc.com.br\/index.php\/wp-json\/wp\/v2\/pages\/10","targetHints":{"allow":["GET"]}}],"collection":[{"href":"https:\/\/tachion.com.br\/luiztorellopsicanalistasjc.com.br\/index.php\/wp-json\/wp\/v2\/pages"}],"about":[{"href":"https:\/\/tachion.com.br\/luiztorellopsicanalistasjc.com.br\/index.php\/wp-json\/wp\/v2\/types\/page"}],"author":[{"embeddable":true,"href":"https:\/\/tachion.com.br\/luiztorellopsicanalistasjc.com.br\/index.php\/wp-json\/wp\/v2\/users\/1"}],"replies":[{"embeddable":true,"href":"https:\/\/tachion.com.br\/luiztorellopsicanalistasjc.com.br\/index.php\/wp-json\/wp\/v2\/comments?post=10"}],"version-history":[{"count":16,"href":"https:\/\/tachion.com.br\/luiztorellopsicanalistasjc.com.br\/index.php\/wp-json\/wp\/v2\/pages\/10\/revisions"}],"predecessor-version":[{"id":117,"href":"https:\/\/tachion.com.br\/luiztorellopsicanalistasjc.com.br\/index.php\/wp-json\/wp\/v2\/pages\/10\/revisions\/117"}],"wp:attachment":[{"href":"https:\/\/tachion.com.br\/luiztorellopsicanalistasjc.com.br\/index.php\/wp-json\/wp\/v2\/media?parent=10"}],"curies":[{"name":"wp","href":"https:\/\/api.w.org\/{rel}","templated":true}]}}