{"id":12,"date":"2025-08-24T12:43:18","date_gmt":"2025-08-24T12:43:18","guid":{"rendered":"https:\/\/tachion.com.br\/luiztorellopsicanalistasjc.com.br\/?page_id=12"},"modified":"2025-08-26T17:17:55","modified_gmt":"2025-08-26T17:17:55","slug":"services","status":"publish","type":"page","link":"https:\/\/tachion.com.br\/luiztorellopsicanalistasjc.com.br\/index.php\/services\/","title":{"rendered":"Services"},"content":{"rendered":"<p>[et_pb_section fb_built=&#8221;1&#8243; admin_label=&#8221;Header&#8221; _builder_version=&#8221;4.27.4&#8243; _module_preset=&#8221;e5684c8f-c0a7-4f75-a2c1-8be900c6d9b1&#8243; background_color=&#8221;#684121&#8243; background_enable_image=&#8221;off&#8221; collapsed=&#8221;on&#8221; global_colors_info=&#8221;{}&#8221;][et_pb_row column_structure=&#8221;2_3,1_3&#8243; _builder_version=&#8221;4.27.4&#8243; _module_preset=&#8221;default&#8221; global_colors_info=&#8221;{}&#8221;][et_pb_column type=&#8221;2_3&#8243; _builder_version=&#8221;4.27.4&#8243; _module_preset=&#8221;default&#8221; global_colors_info=&#8221;{}&#8221;][et_pb_heading title=&#8221;Detalhes do Atendimento Psicanal\u00edtico Online&#8221; _builder_version=&#8221;4.27.4&#8243; _module_preset=&#8221;34c570fb-7fed-47db-a7c5-2e992076455f&#8221; title_text_color=&#8221;#FFFFFF&#8221; custom_margin=&#8221;|-157px||||&#8221; global_colors_info=&#8221;{}&#8221;][\/et_pb_heading][et_pb_button button_url=&#8221;http:\/\/wa.me\/551299155363&#8243; url_new_window=&#8221;on&#8221; button_text=&#8221;Agendar Sess\u00e3o&#8221; _builder_version=&#8221;4.27.4&#8243; _module_preset=&#8221;beca0686-6921-4282-9997-c5d4ed8e5528&#8243; global_colors_info=&#8221;{}&#8221;][\/et_pb_button][\/et_pb_column][et_pb_column type=&#8221;1_3&#8243; _builder_version=&#8221;4.27.4&#8243; _module_preset=&#8221;default&#8221; global_colors_info=&#8221;{}&#8221;][\/et_pb_column][\/et_pb_row][\/et_pb_section][et_pb_section fb_built=&#8221;1&#8243; admin_label=&#8221;Services&#8221; _builder_version=&#8221;4.27.4&#8243; _module_preset=&#8221;default&#8221; collapsed=&#8221;on&#8221; global_colors_info=&#8221;{}&#8221;][et_pb_row column_structure=&#8221;1_3,1_3,1_3&#8243; _builder_version=&#8221;4.27.4&#8243; _module_preset=&#8221;default&#8221; global_colors_info=&#8221;{}&#8221;][et_pb_column type=&#8221;1_3&#8243; _builder_version=&#8221;4.27.4&#8243; _module_preset=&#8221;default&#8221; global_colors_info=&#8221;{}&#8221;][et_pb_heading title=&#8221;Dura\u00e7\u00e3o da Sess\u00e3o&#8221; _builder_version=&#8221;4.27.4&#8243; _module_preset=&#8221;77eeade5-6d5f-4bef-9a86-0d054d2fec63&#8243; custom_margin=&#8221;||10px||false|false&#8221; global_colors_info=&#8221;{}&#8221;][\/et_pb_heading][et_pb_text _builder_version=&#8221;4.27.4&#8243; _module_preset=&#8221;default&#8221; global_colors_info=&#8221;{}&#8221;]<\/p>\n<p><span>50 minutos, uma vez por semana.<\/span><\/p>\n<p>[\/et_pb_text][et_pb_heading title=&#8221;Cancelamento&#8221; _builder_version=&#8221;4.27.4&#8243; _module_preset=&#8221;77eeade5-6d5f-4bef-9a86-0d054d2fec63&#8243; custom_margin=&#8221;||10px||false|false&#8221; global_colors_info=&#8221;{}&#8221;][\/et_pb_heading][et_pb_text _builder_version=&#8221;4.27.4&#8243; _module_preset=&#8221;default&#8221; global_colors_info=&#8221;{}&#8221;]<\/p>\n<p><span>Aviso pr\u00e9vio de 24h por ambas as partes. Sem aviso, a sess\u00e3o \u00e9 cobrada.<\/span><\/p>\n<p>[\/et_pb_text][\/et_pb_column][et_pb_column type=&#8221;1_3&#8243; _builder_version=&#8221;4.27.4&#8243; _module_preset=&#8221;default&#8221; global_colors_info=&#8221;{}&#8221;][et_pb_heading title=&#8221;Pagamento&#8221; _builder_version=&#8221;4.27.4&#8243; _module_preset=&#8221;77eeade5-6d5f-4bef-9a86-0d054d2fec63&#8243; custom_margin=&#8221;||10px||false|false&#8221; global_colors_info=&#8221;{}&#8221;][\/et_pb_heading][et_pb_text _builder_version=&#8221;4.27.4&#8243; _module_preset=&#8221;default&#8221; global_colors_info=&#8221;{}&#8221;]<\/p>\n<p><span>Via PIX, antes de cada sess\u00e3o. Recibos emitidos no in\u00edcio do m\u00eas.<\/span><\/p>\n<p><span>Importante: n\u00e3o aceitamos conv\u00eanios. Atrasos nas sess\u00f5es n\u00e3o s\u00e3o compensados.<\/span><\/p>\n<p>[\/et_pb_text][\/et_pb_column][et_pb_column type=&#8221;1_3&#8243; _builder_version=&#8221;4.27.4&#8243; _module_preset=&#8221;default&#8221; global_colors_info=&#8221;{}&#8221;][et_pb_heading title=&#8221;Tempo de an\u00e1lise&#8221; _builder_version=&#8221;4.27.4&#8243; _module_preset=&#8221;77eeade5-6d5f-4bef-9a86-0d054d2fec63&#8243; custom_margin=&#8221;||10px||false|false&#8221; global_colors_info=&#8221;{}&#8221;][\/et_pb_heading][et_pb_text _builder_version=&#8221;4.27.4&#8243; _module_preset=&#8221;default&#8221; global_colors_info=&#8221;{}&#8221;]<\/p>\n<p><span>Indefinido: cada processo \u00e9 \u00fanico e o encerramento \u00e9 uma decis\u00e3o pessoal.<\/span><\/p>\n<p>[\/et_pb_text][\/et_pb_column][\/et_pb_row][\/et_pb_section]<\/p>\n","protected":false},"excerpt":{"rendered":"<p>50 minutos, uma vez por semana.Aviso pr\u00e9vio de 24h por ambas as partes. Sem aviso, a sess\u00e3o \u00e9 cobrada.Via PIX, antes de cada sess\u00e3o. Recibos emitidos no in\u00edcio do m\u00eas. Importante: n\u00e3o aceitamos conv\u00eanios. Atrasos nas sess\u00f5es n\u00e3o s\u00e3o compensados.Indefinido: cada processo \u00e9 \u00fanico e o encerramento \u00e9 uma decis\u00e3o pessoal.<\/p>\n","protected":false},"author":1,"featured_media":0,"parent":0,"menu_order":0,"comment_status":"closed","ping_status":"closed","template":"","meta":{"_et_pb_use_builder":"on","_et_pb_old_content":"","_et_gb_content_width":"","footnotes":""},"class_list":["post-12","page","type-page","status-publish","hentry"],"jetpack_sharing_enabled":true,"_links":{"self":[{"href":"https:\/\/tachion.com.br\/luiztorellopsicanalistasjc.com.br\/index.php\/wp-json\/wp\/v2\/pages\/12","targetHints":{"allow":["GET"]}}],"collection":[{"href":"https:\/\/tachion.com.br\/luiztorellopsicanalistasjc.com.br\/index.php\/wp-json\/wp\/v2\/pages"}],"about":[{"href":"https:\/\/tachion.com.br\/luiztorellopsicanalistasjc.com.br\/index.php\/wp-json\/wp\/v2\/types\/page"}],"author":[{"embeddable":true,"href":"https:\/\/tachion.com.br\/luiztorellopsicanalistasjc.com.br\/index.php\/wp-json\/wp\/v2\/users\/1"}],"replies":[{"embeddable":true,"href":"https:\/\/tachion.com.br\/luiztorellopsicanalistasjc.com.br\/index.php\/wp-json\/wp\/v2\/comments?post=12"}],"version-history":[{"count":3,"href":"https:\/\/tachion.com.br\/luiztorellopsicanalistasjc.com.br\/index.php\/wp-json\/wp\/v2\/pages\/12\/revisions"}],"predecessor-version":[{"id":110,"href":"https:\/\/tachion.com.br\/luiztorellopsicanalistasjc.com.br\/index.php\/wp-json\/wp\/v2\/pages\/12\/revisions\/110"}],"wp:attachment":[{"href":"https:\/\/tachion.com.br\/luiztorellopsicanalistasjc.com.br\/index.php\/wp-json\/wp\/v2\/media?parent=12"}],"curies":[{"name":"wp","href":"https:\/\/api.w.org\/{rel}","templated":true}]}}