{"id":40,"date":"2025-08-06T19:08:47","date_gmt":"2025-08-06T19:08:47","guid":{"rendered":"https:\/\/tachion.com.br\/merlin.dev.br\/?page_id=40"},"modified":"2025-08-08T09:25:56","modified_gmt":"2025-08-08T12:25:56","slug":"home","status":"publish","type":"page","link":"https:\/\/tachion.com.br\/merlin.dev.br\/","title":{"rendered":"Home"},"content":{"rendered":"<p>[et_pb_section fb_built=&#8221;1&#8243; admin_label=&#8221;Header&#8221; _builder_version=&#8221;4.27.3&#8243; _module_preset=&#8221;default&#8221; use_background_color_gradient=&#8221;on&#8221; background_color_gradient_type=&#8221;elliptical&#8221; background_color_gradient_direction_radial=&#8221;top right&#8221; background_color_gradient_stops=&#8221;gcid-primary-color 0%|rgba(255,255,255,0) 50%&#8221; collapsed=&#8221;on&#8221; global_colors_info=&#8221;{%22gcid-2a2d16d8-12e5-4520-affe-307c5f5dfb07%22:%91%22background_color%22%93,%22gcid-primary-color%22:%91%22background_color_gradient_stops%22%93}&#8221;][et_pb_row column_structure=&#8221;1_2,1_2&#8243; _builder_version=&#8221;4.27.3&#8243; _module_preset=&#8221;default&#8221; global_colors_info=&#8221;{}&#8221;][et_pb_column type=&#8221;1_2&#8243; _builder_version=&#8221;4.27.3&#8243; _module_preset=&#8221;default&#8221; custom_padding=&#8221;4%||||false|false&#8221; custom_padding_tablet=&#8221;0%||||false|false&#8221; custom_padding_phone=&#8221;0%||||false|false&#8221; custom_padding_last_edited=&#8221;on|desktop&#8221; global_colors_info=&#8221;{}&#8221;][et_pb_heading title=&#8221;Cansado de promessas vazias de IA?&#8221; _builder_version=&#8221;4.27.4&#8243; _module_preset=&#8221;db963588-d74c-47af-af43-ad21ac04a84e&#8221; title_text_color=&#8221;gcid-primary-color&#8221; global_colors_info=&#8221;{%22gcid-primary-color%22:%91%22title_text_color%22%93}&#8221;][\/et_pb_heading][et_pb_heading title=&#8221;Transforme Seu Neg\u00f3cio com Intelig\u00eancia de Verdade&#8221; _builder_version=&#8221;4.27.3&#8243; _module_preset=&#8221;9e61c0fb-59b1-4190-863f-7af3501732b9&#8243; custom_margin=&#8221;||20px||false|false&#8221; global_colors_info=&#8221;{}&#8221;][\/et_pb_heading][et_pb_text _builder_version=&#8221;4.27.4&#8243; _module_preset=&#8221;05fd297b-83ea-47dd-9341-ecf5d70daa22&#8243; global_colors_info=&#8221;{}&#8221;]<\/p>\n<p>Solu\u00e7\u00f5es de IA para quem quer crescer, inovar e dormir tranquilo.<\/p>\n<p>Aqui, intelig\u00eancia artificial n\u00e3o \u00e9 discurso: \u00e9 ferramenta. Conhe\u00e7a a Merlin by Tachion \u2013 o conselho executivo virtual feito para impulsionar startups, PMEs e empreendedores inquietos. Resultado, clareza e inova\u00e7\u00e3o em cada clique.<\/p>\n<p>[\/et_pb_text][et_pb_button button_url=&#8221;https:\/\/wa.me\/5512981080097?text=Ol\u00e1,%20quero%20fazer%20um%20teste&#8221; button_text=&#8221;Fa\u00e7a um teste&#8221; _builder_version=&#8221;4.27.4&#8243; _module_preset=&#8221;1cc6214c-cc59-4e35-8ac0-28729a57edbc&#8221; global_colors_info=&#8221;{}&#8221;][\/et_pb_button][\/et_pb_column][et_pb_column type=&#8221;1_2&#8243; _builder_version=&#8221;4.27.3&#8243; _module_preset=&#8221;default&#8221; global_colors_info=&#8221;{}&#8221;][et_pb_image src=&#8221;https:\/\/tachion.com.br\/merlin.dev.br\/wp-content\/uploads\/2025\/08\/Site_1-1.png&#8221; alt=&#8221;Merlin by Tachion&#8221; title_text=&#8221;Site_1-1&#8243; _builder_version=&#8221;4.27.4&#8243; _module_preset=&#8221;default&#8221; max_height=&#8221;600px&#8221; border_radii=&#8221;on|12px|12px|12px|12px&#8221; global_colors_info=&#8221;{}&#8221;][\/et_pb_image][\/et_pb_column][\/et_pb_row][\/et_pb_section][et_pb_section fb_built=&#8221;1&#8243; admin_label=&#8221;Features&#8221; _builder_version=&#8221;4.27.3&#8243; _module_preset=&#8221;default&#8221; collapsed=&#8221;on&#8221; global_colors_info=&#8221;{%22gcid-2a2d16d8-12e5-4520-affe-307c5f5dfb07%22:%91%22background_color%22%93}&#8221;][et_pb_row column_structure=&#8221;1_3,1_3,1_3&#8243; use_custom_gutter=&#8221;on&#8221; gutter_width=&#8221;2&#8243; make_equal=&#8221;on&#8221; custom_padding_last_edited=&#8221;on|tablet&#8221; _builder_version=&#8221;4.27.3&#8243; _module_preset=&#8221;default&#8221; custom_margin=&#8221;||||false|false&#8221; custom_padding=&#8221;||10px||false|false&#8221; custom_padding_tablet=&#8221;||0px||false|false&#8221; custom_padding_phone=&#8221;||0px||false|false&#8221; global_colors_info=&#8221;{}&#8221;][et_pb_column type=&#8221;1_3&#8243; _builder_version=&#8221;4.27.3&#8243; _module_preset=&#8221;284528b7-0150-4bc0-8692-ebeb2e456616&#8243; link_option_url=&#8221;#&#8221; global_colors_info=&#8221;{%22gcid-47d7f7ef-4970-455c-9eb0-6d63009693c5%22:%91%22background_color%22%93,%22gcid-primary-color%22:%91%22background_color__hover%22%93}&#8221;][et_pb_icon font_icon=&#8221;&#xf4ff;||fa||900&#8243; align=&#8221;left&#8221; _builder_version=&#8221;4.27.4&#8243; _module_preset=&#8221;9ff899a2-dd9f-465b-9f05-3b3796470076&#8243; custom_margin=&#8221;||4vw||false|false&#8221; global_colors_info=&#8221;{}&#8221;][\/et_pb_icon][et_pb_heading title=&#8221;Conselho Executivo Virtual&#8221; _builder_version=&#8221;4.27.4&#8243; _module_preset=&#8221;d309facd-70fd-4f2f-b404-38dfa0cdd5c5&#8243; custom_margin=&#8221;||10px||false|false&#8221; custom_padding=&#8221;||10px||false|false&#8221; border_color_all=&#8221;gcid-3ab377a2-c03b-4581-af8d-00d4dc09a9e7&#8243; border_width_bottom=&#8221;1px&#8221; global_colors_info=&#8221;{%22gcid-3ab377a2-c03b-4581-af8d-00d4dc09a9e7%22:%91%22border_color_all%22%93}&#8221;][\/et_pb_heading][et_pb_text _builder_version=&#8221;4.27.4&#8243; _module_preset=&#8221;05fd297b-83ea-47dd-9341-ecf5d70daa22&#8243; custom_margin=&#8221;||16%||false|false&#8221; global_colors_info=&#8221;{}&#8221;]<\/p>\n<p>Decis\u00f5es estrat\u00e9gicas com o poder de um board completo, sem precisar de sala de reuni\u00e3o. Seu neg\u00f3cio ganha especialistas em IA prontos para agir.<\/p>\n<p>[\/et_pb_text][et_pb_button button_text=&#8221;Saiba mais&#8221; _builder_version=&#8221;4.27.4&#8243; _module_preset=&#8221;a8558bf7-536d-4a5e-80ac-b322711f61bf&#8221; global_colors_info=&#8221;{}&#8221;][\/et_pb_button][\/et_pb_column][et_pb_column type=&#8221;1_3&#8243; _builder_version=&#8221;4.27.3&#8243; _module_preset=&#8221;284528b7-0150-4bc0-8692-ebeb2e456616&#8243; link_option_url=&#8221;#&#8221; global_colors_info=&#8221;{%22gcid-47d7f7ef-4970-455c-9eb0-6d63009693c5%22:%91%22background_color%22%93,%22gcid-primary-color%22:%91%22background_color__hover%22%93}&#8221;][et_pb_icon font_icon=&#8221;&#xe068;||fa||900&#8243; align=&#8221;left&#8221; _builder_version=&#8221;4.27.4&#8243; _module_preset=&#8221;9ff899a2-dd9f-465b-9f05-3b3796470076&#8243; custom_margin=&#8221;||4vw||false|false&#8221; global_colors_info=&#8221;{}&#8221;][\/et_pb_icon][et_pb_heading title=&#8221;Personaliza\u00e7\u00e3o Sob Medida&#8221; _builder_version=&#8221;4.27.4&#8243; _module_preset=&#8221;d309facd-70fd-4f2f-b404-38dfa0cdd5c5&#8243; custom_margin=&#8221;||10px||false|false&#8221; custom_padding=&#8221;||10px||false|false&#8221; border_color_all=&#8221;gcid-3ab377a2-c03b-4581-af8d-00d4dc09a9e7&#8243; border_width_bottom=&#8221;1px&#8221; global_colors_info=&#8221;{%22gcid-3ab377a2-c03b-4581-af8d-00d4dc09a9e7%22:%91%22border_color_all%22%93}&#8221;][\/et_pb_heading][et_pb_text _builder_version=&#8221;4.27.4&#8243; _module_preset=&#8221;05fd297b-83ea-47dd-9341-ecf5d70daa22&#8243; custom_margin=&#8221;||16%||false|false&#8221; global_colors_info=&#8221;{}&#8221;]<\/p>\n<p>Configure sua equipe de executivos digitais do seu jeito \u2013 escolha fun\u00e7\u00f5es, especialidades e receba recomenda\u00e7\u00f5es que realmente fazem sentido para o seu mercado.<\/p>\n<p>[\/et_pb_text][et_pb_button button_text=&#8221;Saiba mais&#8221; _builder_version=&#8221;4.27.4&#8243; _module_preset=&#8221;a8558bf7-536d-4a5e-80ac-b322711f61bf&#8221; global_colors_info=&#8221;{}&#8221;][\/et_pb_button][\/et_pb_column][et_pb_column type=&#8221;1_3&#8243; _builder_version=&#8221;4.27.3&#8243; _module_preset=&#8221;284528b7-0150-4bc0-8692-ebeb2e456616&#8243; link_option_url=&#8221;#&#8221; global_colors_info=&#8221;{%22gcid-47d7f7ef-4970-455c-9eb0-6d63009693c5%22:%91%22background_color%22%93,%22gcid-primary-color%22:%91%22background_color__hover%22%93}&#8221;][et_pb_icon font_icon=&#8221;&#xf017;||fa||400&#8243; align=&#8221;left&#8221; _builder_version=&#8221;4.27.4&#8243; _module_preset=&#8221;9ff899a2-dd9f-465b-9f05-3b3796470076&#8243; custom_margin=&#8221;||4vw||false|false&#8221; global_colors_info=&#8221;{}&#8221;][\/et_pb_icon][et_pb_heading title=&#8221;Atendimento 24\/7 com IA&#8221; _builder_version=&#8221;4.27.4&#8243; _module_preset=&#8221;d309facd-70fd-4f2f-b404-38dfa0cdd5c5&#8243; custom_margin=&#8221;||10px||false|false&#8221; custom_padding=&#8221;||10px||false|false&#8221; border_color_all=&#8221;gcid-3ab377a2-c03b-4581-af8d-00d4dc09a9e7&#8243; border_width_bottom=&#8221;1px&#8221; global_colors_info=&#8221;{%22gcid-3ab377a2-c03b-4581-af8d-00d4dc09a9e7%22:%91%22border_color_all%22%93}&#8221;][\/et_pb_heading][et_pb_text _builder_version=&#8221;4.27.3&#8243; _module_preset=&#8221;05fd297b-83ea-47dd-9341-ecf5d70daa22&#8243; custom_margin=&#8221;||16%||false|false&#8221; global_colors_info=&#8221;{}&#8221;]<\/p>\n<p data-start=\"782\" data-end=\"951\">Nunca mais perca uma oportunidade. Nossos agentes virtuais cuidam de clientes, agendamentos e d\u00favidas a qualquer hora, com efici\u00eancia e um toque humano.<\/p>\n<p>[\/et_pb_text][et_pb_button button_text=&#8221;sAIBA MAIS&#8221; _builder_version=&#8221;4.27.4&#8243; _module_preset=&#8221;a8558bf7-536d-4a5e-80ac-b322711f61bf&#8221; global_colors_info=&#8221;{}&#8221;][\/et_pb_button][\/et_pb_column][\/et_pb_row][et_pb_row column_structure=&#8221;1_3,1_3,1_3&#8243; use_custom_gutter=&#8221;on&#8221; gutter_width=&#8221;2&#8243; make_equal=&#8221;on&#8221; _builder_version=&#8221;4.27.3&#8243; _module_preset=&#8221;default&#8221; global_colors_info=&#8221;{}&#8221;][et_pb_column type=&#8221;1_3&#8243; _builder_version=&#8221;4.27.3&#8243; _module_preset=&#8221;284528b7-0150-4bc0-8692-ebeb2e456616&#8243; link_option_url=&#8221;#&#8221; global_colors_info=&#8221;{%22gcid-47d7f7ef-4970-455c-9eb0-6d63009693c5%22:%91%22background_color%22%93,%22gcid-primary-color%22:%91%22background_color__hover%22%93}&#8221;][et_pb_icon font_icon=&#8221;&#xf6ff;||fa||900&#8243; align=&#8221;left&#8221; _builder_version=&#8221;4.27.4&#8243; _module_preset=&#8221;9ff899a2-dd9f-465b-9f05-3b3796470076&#8243; custom_margin=&#8221;||4vw||false|false&#8221; global_colors_info=&#8221;{}&#8221;][\/et_pb_icon][et_pb_heading title=&#8221;Integra\u00e7\u00e3o Total&#8221; _builder_version=&#8221;4.27.4&#8243; _module_preset=&#8221;d309facd-70fd-4f2f-b404-38dfa0cdd5c5&#8243; custom_margin=&#8221;||10px||false|false&#8221; custom_padding=&#8221;||10px||false|false&#8221; border_color_all=&#8221;gcid-3ab377a2-c03b-4581-af8d-00d4dc09a9e7&#8243; border_width_bottom=&#8221;1px&#8221; global_colors_info=&#8221;{%22gcid-3ab377a2-c03b-4581-af8d-00d4dc09a9e7%22:%91%22border_color_all%22%93}&#8221;][\/et_pb_heading][et_pb_text _builder_version=&#8221;4.27.3&#8243; _module_preset=&#8221;05fd297b-83ea-47dd-9341-ecf5d70daa22&#8243; custom_margin=&#8221;||16%||false|false&#8221; global_colors_info=&#8221;{}&#8221;]<\/p>\n<p>Conecte Merlin com suas ferramentas favoritas \u2013 de agendas a CRMs \u2013 e simplifique processos do jeito que sua equipe sempre sonhou.<\/p>\n<p>[\/et_pb_text][et_pb_button button_text=&#8221;Saiba mais&#8221; _builder_version=&#8221;4.27.4&#8243; _module_preset=&#8221;a8558bf7-536d-4a5e-80ac-b322711f61bf&#8221; global_colors_info=&#8221;{}&#8221;][\/et_pb_button][\/et_pb_column][et_pb_column type=&#8221;1_3&#8243; _builder_version=&#8221;4.27.3&#8243; _module_preset=&#8221;284528b7-0150-4bc0-8692-ebeb2e456616&#8243; link_option_url=&#8221;#&#8221; global_colors_info=&#8221;{%22gcid-47d7f7ef-4970-455c-9eb0-6d63009693c5%22:%91%22background_color%22%93,%22gcid-primary-color%22:%91%22background_color__hover%22%93}&#8221;][et_pb_icon font_icon=&#8221;&#xf201;||fa||900&#8243; align=&#8221;left&#8221; _builder_version=&#8221;4.27.3&#8243; _module_preset=&#8221;9ff899a2-dd9f-465b-9f05-3b3796470076&#8243; custom_margin=&#8221;||4vw||false|false&#8221; global_colors_info=&#8221;{}&#8221;][\/et_pb_icon][et_pb_heading title=&#8221;Automa\u00e7\u00e3o Inteligente&#8221; _builder_version=&#8221;4.27.4&#8243; _module_preset=&#8221;d309facd-70fd-4f2f-b404-38dfa0cdd5c5&#8243; custom_margin=&#8221;||10px||false|false&#8221; custom_padding=&#8221;||10px||false|false&#8221; border_color_all=&#8221;gcid-3ab377a2-c03b-4581-af8d-00d4dc09a9e7&#8243; border_width_bottom=&#8221;1px&#8221; global_colors_info=&#8221;{%22gcid-3ab377a2-c03b-4581-af8d-00d4dc09a9e7%22:%91%22border_color_all%22%93}&#8221;][\/et_pb_heading][et_pb_text _builder_version=&#8221;4.27.3&#8243; _module_preset=&#8221;05fd297b-83ea-47dd-9341-ecf5d70daa22&#8243; custom_margin=&#8221;||16%||false|false&#8221; custom_padding=&#8221;||0px|||&#8221; global_colors_info=&#8221;{}&#8221;]<\/p>\n<p>Deixe as tarefas repetitivas para a IA e foque no que realmente importa. A Merlin otimiza fluxos, reduz erros e libera tempo para crescer.<\/p>\n<p>[\/et_pb_text][et_pb_button button_text=&#8221;Saiba mais&#8221; _builder_version=&#8221;4.27.4&#8243; _module_preset=&#8221;a8558bf7-536d-4a5e-80ac-b322711f61bf&#8221; global_colors_info=&#8221;{}&#8221;][\/et_pb_button][\/et_pb_column][et_pb_column type=&#8221;1_3&#8243; _builder_version=&#8221;4.27.3&#8243; _module_preset=&#8221;284528b7-0150-4bc0-8692-ebeb2e456616&#8243; link_option_url=&#8221;#&#8221; global_colors_info=&#8221;{%22gcid-47d7f7ef-4970-455c-9eb0-6d63009693c5%22:%91%22background_color%22%93,%22gcid-primary-color%22:%91%22background_color__hover%22%93}&#8221;][et_pb_icon font_icon=&#8221;&#xf0eb;||fa||400&#8243; align=&#8221;left&#8221; _builder_version=&#8221;4.27.4&#8243; _module_preset=&#8221;9ff899a2-dd9f-465b-9f05-3b3796470076&#8243; custom_margin=&#8221;||4vw||false|false&#8221; global_colors_info=&#8221;{}&#8221;][\/et_pb_icon][et_pb_heading title=&#8221;Insights em Tempo Real&#8221; _builder_version=&#8221;4.27.4&#8243; _module_preset=&#8221;d309facd-70fd-4f2f-b404-38dfa0cdd5c5&#8243; custom_margin=&#8221;||10px||false|false&#8221; custom_padding=&#8221;||10px||false|false&#8221; border_color_all=&#8221;gcid-3ab377a2-c03b-4581-af8d-00d4dc09a9e7&#8243; border_width_bottom=&#8221;1px&#8221; global_colors_info=&#8221;{%22gcid-3ab377a2-c03b-4581-af8d-00d4dc09a9e7%22:%91%22border_color_all%22%93}&#8221;][\/et_pb_heading][et_pb_text _builder_version=&#8221;4.27.3&#8243; _module_preset=&#8221;05fd297b-83ea-47dd-9341-ecf5d70daa22&#8243; custom_margin=&#8221;||16%||false|false&#8221; global_colors_info=&#8221;{}&#8221;]<\/p>\n<p>Nada de achismo: receba an\u00e1lises e sugest\u00f5es baseadas em dados, direto no seu dashboard. Agilidade e precis\u00e3o para tomar decis\u00f5es com confian\u00e7a.<\/p>\n<p>[\/et_pb_text][et_pb_button button_text=&#8221;Saiba mais&#8221; _builder_version=&#8221;4.27.4&#8243; _module_preset=&#8221;a8558bf7-536d-4a5e-80ac-b322711f61bf&#8221; global_colors_info=&#8221;{}&#8221;][\/et_pb_button][\/et_pb_column][\/et_pb_row][\/et_pb_section][et_pb_section fb_built=&#8221;1&#8243; admin_label=&#8221;How It Works&#8221; _builder_version=&#8221;4.27.3&#8243; _module_preset=&#8221;default&#8221; collapsed=&#8221;on&#8221; global_colors_info=&#8221;{%22gcid-2a2d16d8-12e5-4520-affe-307c5f5dfb07%22:%91%22background_color%22%93}&#8221;][et_pb_row column_structure=&#8221;1_4,3_4&#8243; _builder_version=&#8221;4.27.3&#8243; _module_preset=&#8221;default&#8221; global_colors_info=&#8221;{}&#8221;][et_pb_column type=&#8221;1_4&#8243; _builder_version=&#8221;4.27.3&#8243; _module_preset=&#8221;default&#8221; global_colors_info=&#8221;{}&#8221;][et_pb_heading title=&#8221;Como funciona&#8221; _builder_version=&#8221;4.27.4&#8243; _module_preset=&#8221;db963588-d74c-47af-af43-ad21ac04a84e&#8221; title_text_color=&#8221;gcid-secondary-color&#8221; global_colors_info=&#8221;{%22gcid-secondary-color%22:%91%22title_text_color%22%93}&#8221;][\/et_pb_heading][\/et_pb_column][et_pb_column type=&#8221;3_4&#8243; _builder_version=&#8221;4.27.3&#8243; _module_preset=&#8221;default&#8221; global_colors_info=&#8221;{}&#8221;][et_pb_heading title=&#8221;Desperte o Potencial da Sua Empresa com a Merlin&#8221; _builder_version=&#8221;4.27.3&#8243; _module_preset=&#8221;c39a617e-6fbb-4227-a899-17ab9ce3e406&#8243; global_colors_info=&#8221;{}&#8221;][\/et_pb_heading][\/et_pb_column][\/et_pb_row][et_pb_row column_structure=&#8221;1_3,1_3,1_3&#8243; use_custom_gutter=&#8221;on&#8221; gutter_width=&#8221;2&#8243; make_equal=&#8221;on&#8221; _builder_version=&#8221;4.27.3&#8243; _module_preset=&#8221;default&#8221; global_colors_info=&#8221;{}&#8221;][et_pb_column type=&#8221;1_3&#8243; _builder_version=&#8221;4.27.3&#8243; _module_preset=&#8221;335f7bf8-8caf-4d67-9978-9a7df354b61c&#8221; border_color_all=&#8221;gcid-primary-color&#8221; global_colors_info=&#8221;{%22gcid-primary-color%22:%91%22border_color_all%22%93}&#8221;][et_pb_blurb title=&#8221;Startups&#8221; use_icon=&#8221;on&#8221; font_icon=&#8221;&#xf050;||fa||900&#8243; _builder_version=&#8221;4.27.4&#8243; _module_preset=&#8221;27a726e8-bb71-4d59-aefe-cd292cd67f3b&#8221; header_font=&#8221;||||||||&#8221; body_font=&#8221;&#8211;et_global_heading_font|700||on|||||&#8221; body_letter_spacing=&#8221;0.08em&#8221; body_line_height=&#8221;1.6em&#8221; background_color=&#8221;gcid-primary-color&#8221; image_icon_custom_margin=&#8221;||4vw||false|false&#8221; body_font_size_tablet=&#8221;13px&#8221; body_font_size_phone=&#8221;12px&#8221; body_font_size_last_edited=&#8221;on|phone&#8221; global_colors_info=&#8221;{%22gcid-primary-color%22:%91%22background_color%22%93}&#8221;]<\/p>\n<p>Cres\u00e7a rapidamente<\/p>\n<p>[\/et_pb_blurb][et_pb_text _builder_version=&#8221;4.27.3&#8243; _module_preset=&#8221;05fd297b-83ea-47dd-9341-ecf5d70daa22&#8243; global_colors_info=&#8221;{}&#8221;]<\/p>\n<p>Com Merlin e Maya, sua startup ganha intelig\u00eancia e agilidade para dar o salto.<\/p>\n<p>[\/et_pb_text][et_pb_button button_text=&#8221;Quero acelerar&#8221; _builder_version=&#8221;4.27.4&#8243; _module_preset=&#8221;a8558bf7-536d-4a5e-80ac-b322711f61bf&#8221; button_text_color=&#8221;gcid-primary-color&#8221; global_colors_info=&#8221;{%22gcid-primary-color%22:%91%22button_text_color%22%93}&#8221;][\/et_pb_button][\/et_pb_column][et_pb_column type=&#8221;1_3&#8243; _builder_version=&#8221;4.27.3&#8243; _module_preset=&#8221;335f7bf8-8caf-4d67-9978-9a7df354b61c&#8221; border_color_all=&#8221;gcid-secondary-color&#8221; global_colors_info=&#8221;{%22gcid-secondary-color%22:%91%22border_color_all%22%93}&#8221;][et_pb_blurb title=&#8221;Empresas&#8221; use_icon=&#8221;on&#8221; font_icon=&#8221;&#xf1ad;||fa||400&#8243; icon_color=&#8221;#000000&#8243; _builder_version=&#8221;4.27.4&#8243; _module_preset=&#8221;9e09e695-d4af-4e34-a72f-11da8f308b8d&#8221; header_font=&#8221;||||||||&#8221; body_font=&#8221;&#8211;et_global_heading_font|700||on|||||&#8221; body_letter_spacing=&#8221;0.08em&#8221; body_line_height=&#8221;1.6em&#8221; background_color=&#8221;gcid-secondary-color&#8221; image_icon_custom_margin=&#8221;||4vw||false|false&#8221; body_font_size_tablet=&#8221;13px&#8221; body_font_size_phone=&#8221;12px&#8221; body_font_size_last_edited=&#8221;on|phone&#8221; global_colors_info=&#8221;{%22gcid-secondary-color%22:%91%22background_color%22%93}&#8221;]<\/p>\n<p>Gest\u00e3o sem Complica\u00e7\u00e3o<\/p>\n<p>[\/et_pb_blurb][et_pb_text _builder_version=&#8221;4.27.3&#8243; _module_preset=&#8221;05fd297b-83ea-47dd-9341-ecf5d70daa22&#8243; global_colors_info=&#8221;{}&#8221;]<\/p>\n<p>Automatize, analise e simplifique sua opera\u00e7\u00e3o, seja qual for o tamanho do seu neg\u00f3cio.<\/p>\n<p>[\/et_pb_text][et_pb_button button_text=&#8221;Ver solu\u00e7\u00f5es&#8221; _builder_version=&#8221;4.27.4&#8243; _module_preset=&#8221;a8558bf7-536d-4a5e-80ac-b322711f61bf&#8221; button_text_color=&#8221;gcid-secondary-color&#8221; global_colors_info=&#8221;{%22gcid-secondary-color%22:%91%22button_text_color%22%93}&#8221;][\/et_pb_button][\/et_pb_column][et_pb_column type=&#8221;1_3&#8243; _builder_version=&#8221;4.27.3&#8243; _module_preset=&#8221;335f7bf8-8caf-4d67-9978-9a7df354b61c&#8221; global_colors_info=&#8221;{}&#8221;][et_pb_blurb title=&#8221;Aut\u00f4nomos&#8221; use_icon=&#8221;on&#8221; font_icon=&#8221;&#xf0f1;||fa||900&#8243; icon_color=&#8221;#000000&#8243; _builder_version=&#8221;4.27.4&#8243; _module_preset=&#8221;9e09e695-d4af-4e34-a72f-11da8f308b8d&#8221; header_font=&#8221;||||||||&#8221; body_font=&#8221;&#8211;et_global_heading_font|700||on|||||&#8221; body_letter_spacing=&#8221;0.08em&#8221; body_line_height=&#8221;1.6em&#8221; image_icon_custom_margin=&#8221;||4vw||false|false&#8221; body_font_size_tablet=&#8221;13px&#8221; body_font_size_phone=&#8221;12px&#8221; body_font_size_last_edited=&#8221;on|phone&#8221; global_colors_info=&#8221;{}&#8221;]<\/p>\n<p>Seu Tempo Vale Ouro<\/p>\n<p>[\/et_pb_blurb][et_pb_text _builder_version=&#8221;4.27.3&#8243; _module_preset=&#8221;05fd297b-83ea-47dd-9341-ecf5d70daa22&#8243; global_colors_info=&#8221;{}&#8221;]<\/p>\n<p>Deixe a tecnologia cuidar da rotina, e foque no que faz voc\u00ea brilhar.<\/p>\n<p>[\/et_pb_text][et_pb_button button_text=&#8221;Quero mais tempo&#8221; _builder_version=&#8221;4.27.4&#8243; _module_preset=&#8221;a8558bf7-536d-4a5e-80ac-b322711f61bf&#8221; global_colors_info=&#8221;{}&#8221;][\/et_pb_button][\/et_pb_column][\/et_pb_row][\/et_pb_section][et_pb_section fb_built=&#8221;1&#8243; admin_label=&#8221;Fullwidth Image&#8221; _builder_version=&#8221;4.27.4&#8243; _module_preset=&#8221;default&#8221; background_image=&#8221;https:\/\/tachion.com.br\/merlin.dev.br\/wp-content\/uploads\/2025\/08\/Capa-Merlin.png&#8221; parallax=&#8221;on&#8221; custom_padding=&#8221;11vw||11vw||true|false&#8221; collapsed=&#8221;on&#8221; global_colors_info=&#8221;{}&#8221;][et_pb_row _builder_version=&#8221;4.27.3&#8243; _module_preset=&#8221;default&#8221; global_colors_info=&#8221;{}&#8221;][et_pb_column type=&#8221;4_4&#8243; _builder_version=&#8221;4.27.3&#8243; _module_preset=&#8221;default&#8221; global_colors_info=&#8221;{}&#8221;][\/et_pb_column][\/et_pb_row][\/et_pb_section][et_pb_section fb_built=&#8221;1&#8243; admin_label=&#8221;Call to Action&#8221; _builder_version=&#8221;4.27.3&#8243; _module_preset=&#8221;default&#8221; background_color=&#8221;gcid-primary-color&#8221; collapsed=&#8221;on&#8221; global_colors_info=&#8221;{%22gcid-primary-color%22:%91%22background_color%22%93}&#8221;][et_pb_row column_structure=&#8221;1_2,1_2&#8243; _builder_version=&#8221;4.27.3&#8243; _module_preset=&#8221;default&#8221; global_colors_info=&#8221;{}&#8221;][et_pb_column type=&#8221;1_2&#8243; _builder_version=&#8221;4.27.3&#8243; _module_preset=&#8221;default&#8221; global_colors_info=&#8221;{}&#8221;][et_pb_heading title=&#8221;Sua Empresa&#8221; _builder_version=&#8221;4.27.4&#8243; _module_preset=&#8221;c39a617e-6fbb-4227-a899-17ab9ce3e406&#8243; custom_margin=&#8221;||0px||false|false&#8221; global_colors_info=&#8221;{}&#8221;][\/et_pb_heading][et_pb_heading title=&#8221;Sem Limites&#8221; _builder_version=&#8221;4.27.4&#8243; _module_preset=&#8221;c39a617e-6fbb-4227-a899-17ab9ce3e406&#8243; custom_margin=&#8221;||0px||false|false&#8221; global_colors_info=&#8221;{}&#8221;][\/et_pb_heading][\/et_pb_column][et_pb_column type=&#8221;1_2&#8243; _builder_version=&#8221;4.27.3&#8243; _module_preset=&#8221;default&#8221; global_colors_info=&#8221;{}&#8221;][et_pb_text _builder_version=&#8221;4.27.3&#8243; _module_preset=&#8221;05fd297b-83ea-47dd-9341-ecf5d70daa22&#8243; global_colors_info=&#8221;{}&#8221;]<\/p>\n<h4 data-start=\"614\" data-end=\"659\">Chegou a hora de ir al\u00e9m do \u00f3bvio.<\/h4>\n<p data-start=\"661\" data-end=\"954\">Com a Merlin by Tachion, sua empresa ganha intelig\u00eancia para crescer mais, inovar sempre e conquistar resultados reais.<\/p>\n<p>[\/et_pb_text][et_pb_button button_url=&#8221;https:\/\/wa.me\/5512981080097?text=Quero%20conhecer%20o%20Merlin&#8221; url_new_window=&#8221;on&#8221; button_text=&#8221;Fale conosco&#8221; _builder_version=&#8221;4.27.4&#8243; _module_preset=&#8221;1cc6214c-cc59-4e35-8ac0-28729a57edbc&#8221; global_colors_info=&#8221;{}&#8221;][\/et_pb_button][\/et_pb_column][\/et_pb_row][\/et_pb_section]<\/p>\n","protected":false},"excerpt":{"rendered":"<p>Solu\u00e7\u00f5es de IA para quem quer crescer, inovar e dormir tranquilo. Aqui, intelig\u00eancia artificial n\u00e3o \u00e9 discurso: \u00e9 ferramenta. Conhe\u00e7a a Merlin by Tachion \u2013 o conselho executivo virtual feito para impulsionar startups, PMEs e empreendedores inquietos. Resultado, clareza e inova\u00e7\u00e3o em cada clique.Decis\u00f5es estrat\u00e9gicas com o poder de um board completo, sem precisar de [&hellip;]<\/p>\n","protected":false},"author":1,"featured_media":0,"parent":0,"menu_order":0,"comment_status":"closed","ping_status":"closed","template":"","meta":{"_et_pb_use_builder":"on","_et_pb_old_content":"","_et_gb_content_width":"","footnotes":""},"class_list":["post-40","page","type-page","status-publish","hentry"],"_links":{"self":[{"href":"https:\/\/tachion.com.br\/merlin.dev.br\/index.php\/wp-json\/wp\/v2\/pages\/40","targetHints":{"allow":["GET"]}}],"collection":[{"href":"https:\/\/tachion.com.br\/merlin.dev.br\/index.php\/wp-json\/wp\/v2\/pages"}],"about":[{"href":"https:\/\/tachion.com.br\/merlin.dev.br\/index.php\/wp-json\/wp\/v2\/types\/page"}],"author":[{"embeddable":true,"href":"https:\/\/tachion.com.br\/merlin.dev.br\/index.php\/wp-json\/wp\/v2\/users\/1"}],"replies":[{"embeddable":true,"href":"https:\/\/tachion.com.br\/merlin.dev.br\/index.php\/wp-json\/wp\/v2\/comments?post=40"}],"version-history":[{"count":9,"href":"https:\/\/tachion.com.br\/merlin.dev.br\/index.php\/wp-json\/wp\/v2\/pages\/40\/revisions"}],"predecessor-version":[{"id":144,"href":"https:\/\/tachion.com.br\/merlin.dev.br\/index.php\/wp-json\/wp\/v2\/pages\/40\/revisions\/144"}],"wp:attachment":[{"href":"https:\/\/tachion.com.br\/merlin.dev.br\/index.php\/wp-json\/wp\/v2\/media?parent=40"}],"curies":[{"name":"wp","href":"https:\/\/api.w.org\/{rel}","templated":true}]}}