{"id":42,"date":"2025-08-06T19:08:47","date_gmt":"2025-08-06T19:08:47","guid":{"rendered":"https:\/\/tachion.com.br\/merlin.dev.br\/?page_id=42"},"modified":"2025-08-08T13:56:16","modified_gmt":"2025-08-08T16:56:16","slug":"about","status":"publish","type":"page","link":"https:\/\/tachion.com.br\/merlin.dev.br\/index.php\/about\/","title":{"rendered":"About"},"content":{"rendered":"<p>[et_pb_section fb_built=&#8221;1&#8243; admin_label=&#8221;Header&#8221; _builder_version=&#8221;4.27.3&#8243; _module_preset=&#8221;default&#8221; use_background_color_gradient=&#8221;on&#8221; background_color_gradient_type=&#8221;elliptical&#8221; background_color_gradient_stops=&#8221;rgba(121,58,255,0.5) 0%|rgba(255,255,255,0) 60%&#8221; locked=&#8221;off&#8221; collapsed=&#8221;on&#8221; global_colors_info=&#8221;{%22gcid-2a2d16d8-12e5-4520-affe-307c5f5dfb07%22:%91%22background_color%22%93}&#8221;][et_pb_row _builder_version=&#8221;4.27.3&#8243; _module_preset=&#8221;default&#8221; global_colors_info=&#8221;{}&#8221;][et_pb_column type=&#8221;4_4&#8243; _builder_version=&#8221;4.27.3&#8243; _module_preset=&#8221;default&#8221; global_colors_info=&#8221;{}&#8221;][et_pb_heading title=&#8221;A Tachion&#8221; _builder_version=&#8221;4.27.3&#8243; _module_preset=&#8221;9e61c0fb-59b1-4190-863f-7af3501732b9&#8243; global_colors_info=&#8221;{}&#8221;][\/et_pb_heading][\/et_pb_column][\/et_pb_row][et_pb_row column_structure=&#8221;1_2,1_2&#8243; _builder_version=&#8221;4.27.3&#8243; _module_preset=&#8221;default&#8221; global_colors_info=&#8221;{}&#8221;][et_pb_column type=&#8221;1_2&#8243; _builder_version=&#8221;4.27.3&#8243; _module_preset=&#8221;default&#8221; global_colors_info=&#8221;{}&#8221;][et_pb_text _builder_version=&#8221;4.27.3&#8243; _module_preset=&#8221;05fd297b-83ea-47dd-9341-ecf5d70daa22&#8243; global_colors_info=&#8221;{}&#8221;]<\/p>\n<p>Tachion Editora e Sistemas \u00e9 uma empresa de S\u00e3o Jos\u00e9 dos Campos &#8211; SP com 33 anos de experi\u00eancia nas \u00e1reas de tecnologia, gr\u00e1fica e editorial, sendo pioneira em todos os segmentos que atua, seguindo a r\u00e1pida evolu\u00e7\u00e3o que cada tecnologia exige e foi a primeira Gr\u00e1fica Digital do Vale do Para\u00edba.<\/p>\n<p>[\/et_pb_text][et_pb_text _builder_version=&#8221;4.27.3&#8243; _module_preset=&#8221;05fd297b-83ea-47dd-9341-ecf5d70daa22&#8243; custom_padding=&#8221;||9px|||&#8221; global_colors_info=&#8221;{}&#8221;]<\/p>\n<p>Com o surgimento da Internet, a Tachion realizou em 1995 o 1\u00ba Workshop Internet do Vale do Para\u00edba, quando na regi\u00e3o havia somente 150 usu\u00e1rios dessa tecnologia. Como gr\u00e1fica digital, a Tachion figurou por 3 anos consecutivos entre as 50 melhores do Brasil, de acordo com pesquisa de publica\u00e7\u00f5es do setor gr\u00e1fico.<\/p>\n<p>[\/et_pb_text][\/et_pb_column][et_pb_column type=&#8221;1_2&#8243; _builder_version=&#8221;4.27.3&#8243; _module_preset=&#8221;default&#8221; global_colors_info=&#8221;{}&#8221;][et_pb_text _builder_version=&#8221;4.27.3&#8243; _module_preset=&#8221;05fd297b-83ea-47dd-9341-ecf5d70daa22&#8243; global_colors_info=&#8221;{}&#8221;]<\/p>\n<p>Com a evolu\u00e7\u00e3o da Gr\u00e1fica, em 2011 a Tachion iniciou suas atividades como Editora de autopublica\u00e7\u00e3o e impress\u00e3o de livros sob demanda. A partir de 2024, sempre buscando por inova\u00e7\u00e3o e novas tecnologias, criou uma nova divis\u00e3o &#8211; a Merlin by Tachion, voltada para o desenvolvimento de aplica\u00e7\u00f5es com uso de Intelig\u00eancia Artificial para empresas, startups e profissionais liberais.\u00a0<\/p>\n<p>&nbsp;<\/p>\n<p>[\/et_pb_text][\/et_pb_column][\/et_pb_row][et_pb_row _builder_version=&#8221;4.27.4&#8243; _module_preset=&#8221;default&#8221; global_colors_info=&#8221;{}&#8221;][et_pb_column type=&#8221;4_4&#8243; _builder_version=&#8221;4.27.4&#8243; _module_preset=&#8221;default&#8221; global_colors_info=&#8221;{}&#8221;][et_pb_image src=&#8221;https:\/\/tachion.com.br\/merlin.dev.br\/wp-content\/uploads\/2025\/08\/Capa-Merlin.png&#8221; title_text=&#8221;Capa-Merlin&#8221; _builder_version=&#8221;4.27.4&#8243; _module_preset=&#8221;default&#8221; global_colors_info=&#8221;{}&#8221;][\/et_pb_image][\/et_pb_column][\/et_pb_row][\/et_pb_section][et_pb_section fb_built=&#8221;1&#8243; admin_label=&#8221;FAQ&#8221; _builder_version=&#8221;4.27.3&#8243; _module_preset=&#8221;default&#8221; collapsed=&#8221;on&#8221; global_colors_info=&#8221;{%22gcid-2a2d16d8-12e5-4520-affe-307c5f5dfb07%22:%91%22background_color%22%93}&#8221;][et_pb_row _builder_version=&#8221;4.27.3&#8243; _module_preset=&#8221;default&#8221; global_colors_info=&#8221;{}&#8221;][et_pb_column type=&#8221;4_4&#8243; _builder_version=&#8221;4.27.3&#8243; _module_preset=&#8221;default&#8221; global_colors_info=&#8221;{}&#8221;][et_pb_accordion _builder_version=&#8221;4.27.3&#8243; _module_preset=&#8221;180c16d9-59fc-4794-be2a-d8d8c33c21c1&#8243; global_colors_info=&#8221;{%22gcid-primary-color%22:%91%22body_quote_text_color%22,%22quote_text_color%22,%22body_quote_text_color%22,%22quote_text_color%22,%22body_quote_text_color%22,%22quote_text_color%22,%22body_quote_text_color%22,%22quote_text_color%22,%22body_quote_text_color%22,%22quote_text_color%22,%22body_quote_text_color%22,%22quote_text_color%22,%22body_quote_text_color%22,%22quote_text_color%22,%22body_quote_text_color%22,%22quote_text_color%22,%22body_quote_text_color%22,%22quote_text_color%22,%22body_quote_text_color%22,%22quote_text_color%22,%22body_quote_text_color%22,%22quote_text_color%22,%22body_quote_text_color%22,%22quote_text_color%22%93,%22gcid-secondary-color%22:%91%22icon_color%22,%22icon_color%22,%22icon_color%22,%22icon_color%22,%22icon_color%22,%22icon_color%22,%22icon_color%22,%22icon_color%22,%22icon_color%22,%22icon_color%22,%22icon_color%22,%22icon_color%22%93,%22gcid-heading-color%22:%91%22toggle_text_color%22,%22toggle_text_color%22,%22toggle_text_color%22,%22toggle_text_color%22,%22toggle_text_color%22,%22toggle_text_color%22,%22toggle_text_color%22,%22toggle_text_color%22,%22toggle_text_color%22,%22toggle_text_color%22,%22toggle_text_color%22,%22toggle_text_color%22%93,%22gcid-79008fab-ccde-4aaf-8238-1144e270bf33%22:%91%22border_color_all%22,%22border_color_all%22,%22border_color_all%22,%22border_color_all%22,%22border_color_all%22,%22border_color_all%22,%22border_color_all%22,%22border_color_all%22,%22border_color_all%22,%22border_color_all%22,%22border_color_all%22,%22border_color_all%22%93}&#8221;][et_pb_accordion_item title=&#8221;1. O que \u00e9 o sistema Merlin-Exec?&#8221; open=&#8221;on&#8221; _builder_version=&#8221;4.27.3&#8243; _module_preset=&#8221;default&#8221; global_colors_info=&#8221;{}&#8221;]<\/p>\n<p>O Merlin-Exec \u00e9 um conselho executivo virtual: agentes de IA que ajudam na gest\u00e3o, tomada de decis\u00f5es e an\u00e1lise de dados em tempo real, nas \u00e1reas de Marketing, Finan\u00e7as, Comercial, TI e Opera\u00e7\u00f5es. Sua empresa com vis\u00e3o de gigante.<\/p>\n<p>[\/et_pb_accordion_item][et_pb_accordion_item title=&#8221;2. Como a Maya pode ajudar no atendimento?&#8221; _builder_version=&#8221;4.27.3&#8243; _module_preset=&#8221;default&#8221; global_colors_info=&#8221;{}&#8221; open=&#8221;off&#8221;]<\/p>\n<p>A Maya automatiza respostas, faz agendamentos e cuida de clientes 24\/7, tudo com linguagem natural. Atendimento r\u00e1pido e simp\u00e1tico, mesmo de madrugada.<\/p>\n<p>[\/et_pb_accordion_item][et_pb_accordion_item title=&#8221;3. Posso personalizar os recursos dos sistemas?&#8221; _builder_version=&#8221;4.27.3&#8243; _module_preset=&#8221;default&#8221; global_colors_info=&#8221;{}&#8221; open=&#8221;off&#8221;]<\/p>\n<p>Sim! Voc\u00ea escolhe quais agentes quer usar, integra ao seu neg\u00f3cio e recebe insights sob medida para o seu mercado e porte. O Sistema Merlin-Assist tem um pacote mais compacto de Agentes de IA que podem fazer atendimento, agendamento, suporte e muito mais.<\/p>\n<p>[\/et_pb_accordion_item][et_pb_accordion_item title=&#8221;4. Merlin e Maya funcionam para qualquer tipo de empresa?&#8221; _builder_version=&#8221;4.27.3&#8243; _module_preset=&#8221;default&#8221; global_colors_info=&#8221;{}&#8221; open=&#8221;off&#8221;]<\/p>\n<p>Funcionam para Startups, PMEs, grandes empresas e at\u00e9 profissionais liberais. Com certeza temos um plano que cabe no seu bolso, e voc\u00ea ver\u00e1 sua produtividade escalar rapidamente. Basta querer crescer com mais intelig\u00eancia.<\/p>\n<p>[\/et_pb_accordion_item][et_pb_accordion_item title=&#8221;5. Como posso testar na pr\u00e1tica?&#8221; _builder_version=&#8221;4.27.3&#8243; _module_preset=&#8221;default&#8221; global_colors_info=&#8221;{}&#8221; open=&#8221;off&#8221;]<\/p>\n<p>Pe\u00e7a uma demonstra\u00e7\u00e3o ou fale conosco \u2014 em poucos minutos voc\u00ea j\u00e1 vai ver o potencial dos sistemas Merlin e Maya em a\u00e7\u00e3o. Se preferir marque uma reuni\u00e3o online que mostraremos tudo que nossos sistemas podem fazer por sua empresa.<\/p>\n<p>[\/et_pb_accordion_item][\/et_pb_accordion][\/et_pb_column][\/et_pb_row][\/et_pb_section]<\/p>\n","protected":false},"excerpt":{"rendered":"<p>Tachion Editora e Sistemas \u00e9 uma empresa de S\u00e3o Jos\u00e9 dos Campos &#8211; SP com 33 anos de experi\u00eancia nas \u00e1reas de tecnologia, gr\u00e1fica e editorial, sendo pioneira em todos os segmentos que atua, seguindo a r\u00e1pida evolu\u00e7\u00e3o que cada tecnologia exige e foi a primeira Gr\u00e1fica Digital do Vale do Para\u00edba.Com o surgimento da [&hellip;]<\/p>\n","protected":false},"author":1,"featured_media":0,"parent":0,"menu_order":0,"comment_status":"closed","ping_status":"closed","template":"","meta":{"_et_pb_use_builder":"on","_et_pb_old_content":"","_et_gb_content_width":"","footnotes":""},"class_list":["post-42","page","type-page","status-publish","hentry"],"_links":{"self":[{"href":"https:\/\/tachion.com.br\/merlin.dev.br\/index.php\/wp-json\/wp\/v2\/pages\/42","targetHints":{"allow":["GET"]}}],"collection":[{"href":"https:\/\/tachion.com.br\/merlin.dev.br\/index.php\/wp-json\/wp\/v2\/pages"}],"about":[{"href":"https:\/\/tachion.com.br\/merlin.dev.br\/index.php\/wp-json\/wp\/v2\/types\/page"}],"author":[{"embeddable":true,"href":"https:\/\/tachion.com.br\/merlin.dev.br\/index.php\/wp-json\/wp\/v2\/users\/1"}],"replies":[{"embeddable":true,"href":"https:\/\/tachion.com.br\/merlin.dev.br\/index.php\/wp-json\/wp\/v2\/comments?post=42"}],"version-history":[{"count":8,"href":"https:\/\/tachion.com.br\/merlin.dev.br\/index.php\/wp-json\/wp\/v2\/pages\/42\/revisions"}],"predecessor-version":[{"id":161,"href":"https:\/\/tachion.com.br\/merlin.dev.br\/index.php\/wp-json\/wp\/v2\/pages\/42\/revisions\/161"}],"wp:attachment":[{"href":"https:\/\/tachion.com.br\/merlin.dev.br\/index.php\/wp-json\/wp\/v2\/media?parent=42"}],"curies":[{"name":"wp","href":"https:\/\/api.w.org\/{rel}","templated":true}]}}