{"id":50,"date":"2025-08-06T19:08:47","date_gmt":"2025-08-06T19:08:47","guid":{"rendered":"https:\/\/tachion.com.br\/merlin.dev.br\/?page_id=50"},"modified":"2025-08-08T13:37:09","modified_gmt":"2025-08-08T16:37:09","slug":"contact","status":"publish","type":"page","link":"https:\/\/tachion.com.br\/merlin.dev.br\/index.php\/contact\/","title":{"rendered":"Contact"},"content":{"rendered":"<p>[et_pb_section fb_built=&#8221;1&#8243; admin_label=&#8221;Header&#8221; _builder_version=&#8221;4.27.3&#8243; _module_preset=&#8221;default&#8221; collapsed=&#8221;on&#8221; global_colors_info=&#8221;{%22gcid-2a2d16d8-12e5-4520-affe-307c5f5dfb07%22:%91%22background_color%22%93}&#8221;][et_pb_row _builder_version=&#8221;4.27.3&#8243; _module_preset=&#8221;default&#8221; global_colors_info=&#8221;{}&#8221;][et_pb_column type=&#8221;4_4&#8243; _builder_version=&#8221;4.27.3&#8243; _module_preset=&#8221;default&#8221; global_colors_info=&#8221;{}&#8221;][et_pb_heading title=&#8221;Entre em contato&#8221; _builder_version=&#8221;4.27.3&#8243; _module_preset=&#8221;9e61c0fb-59b1-4190-863f-7af3501732b9&#8243; global_colors_info=&#8221;{}&#8221;][\/et_pb_heading][\/et_pb_column][\/et_pb_row][et_pb_row column_structure=&#8221;1_3,1_3,1_3&#8243; use_custom_gutter=&#8221;on&#8221; gutter_width=&#8221;2&#8243; make_equal=&#8221;on&#8221; _builder_version=&#8221;4.27.3&#8243; _module_preset=&#8221;default&#8221; locked=&#8221;off&#8221; global_colors_info=&#8221;{}&#8221;][et_pb_column type=&#8221;1_3&#8243; _builder_version=&#8221;4.27.3&#8243; _module_preset=&#8221;335f7bf8-8caf-4d67-9978-9a7df354b61c&#8221; border_color_all=&#8221;gcid-primary-color&#8221; global_colors_info=&#8221;{%22gcid-primary-color%22:%91%22border_color_all%22%93}&#8221;][et_pb_blurb title=&#8221;Startups&#8221; _builder_version=&#8221;4.27.3&#8243; _module_preset=&#8221;27a726e8-bb71-4d59-aefe-cd292cd67f3b&#8221; background_color=&#8221;gcid-primary-color&#8221; global_colors_info=&#8221;{%22gcid-primary-color%22:%91%22body_quote_text_color%22,%22background_color%22%93}&#8221;]<\/p>\n<p>Conhe\u00e7a nossos projetos para gerenciamento e desenvolvimento de Startups com uso de Agentes de IA especialistas para auxiliar na otimiza\u00e7\u00e3o de resultados em tempo recorde.<\/p>\n<p>[\/et_pb_blurb][et_pb_button button_text=&#8221;Fale com o Merlin no WhatsApp&#8221; _builder_version=&#8221;4.27.4&#8243; _module_preset=&#8221;a8558bf7-536d-4a5e-80ac-b322711f61bf&#8221; button_text_color=&#8221;gcid-primary-color&#8221; hover_enabled=&#8221;0&#8243; global_colors_info=&#8221;{%22gcid-primary-color%22:%91%22button_text_color%22%93}&#8221; button_url=&#8221;https:\/\/wa.me\/5512981080097?Quer informa\u00e7\u00f5es sobre o Merlin&#8221; sticky_enabled=&#8221;0&#8243;][\/et_pb_button][\/et_pb_column][et_pb_column type=&#8221;1_3&#8243; _builder_version=&#8221;4.27.3&#8243; _module_preset=&#8221;335f7bf8-8caf-4d67-9978-9a7df354b61c&#8221; border_color_all=&#8221;gcid-secondary-color&#8221; global_colors_info=&#8221;{%22gcid-secondary-color%22:%91%22border_color_all%22%93}&#8221;][et_pb_blurb title=&#8221;Empresas&#8221; _builder_version=&#8221;4.27.3&#8243; _module_preset=&#8221;9e09e695-d4af-4e34-a72f-11da8f308b8d&#8221; header_font=&#8221;||||||||&#8221; background_color=&#8221;gcid-secondary-color&#8221; locked=&#8221;off&#8221; global_colors_info=&#8221;{%22gcid-primary-color%22:%91%22body_quote_text_color%22%93,%22gcid-secondary-color%22:%91%22background_color%22%93}&#8221;]<\/p>\n<p>Tenha um grupo de executivos de primeira linha trabalhando para sua empresa por uma fra\u00e7\u00e3o do custo de um profissional de alto n\u00edvel.<\/p>\n<p>[\/et_pb_blurb][et_pb_button button_text=&#8221;Fale com o Merlin no WhatsApp&#8221; _builder_version=&#8221;4.27.4&#8243; _module_preset=&#8221;a8558bf7-536d-4a5e-80ac-b322711f61bf&#8221; button_text_color=&#8221;gcid-secondary-color&#8221; hover_enabled=&#8221;0&#8243; global_colors_info=&#8221;{%22gcid-secondary-color%22:%91%22button_text_color%22%93}&#8221; button_url=&#8221;https:\/\/wa.me\/5512981080097?Quer informa\u00e7\u00f5es sobre o Merlin&#8221; sticky_enabled=&#8221;0&#8243;][\/et_pb_button][\/et_pb_column][et_pb_column type=&#8221;1_3&#8243; _builder_version=&#8221;4.27.3&#8243; _module_preset=&#8221;335f7bf8-8caf-4d67-9978-9a7df354b61c&#8221; custom_padding=&#8221;60px|30px|60px|30px|true|true&#8221; global_colors_info=&#8221;{}&#8221;][et_pb_blurb title=&#8221;Profissional liberal?&#8221; icon_placement=&#8221;top&#8221; _builder_version=&#8221;4.27.3&#8243; _module_preset=&#8221;0b97a275-06f5-4ad9-a625-88a5bd082304&#8243; custom_padding=&#8221;0px|||||&#8221; locked=&#8221;off&#8221; global_colors_info=&#8221;{%22gcid-secondary-color%22:%91%22background_color%22%93}&#8221;]<\/p>\n<p>Temos uma solu\u00e7\u00e3o mais simples para atendimento, agendamento e suporte. A Maya \u00e9 sua assistente virtual completa. Clique e veja como funciona.<\/p>\n<p>[\/et_pb_blurb][et_pb_button button_url=&#8221;https:\/\/merlin.app.br\/maya\/&#8221; button_text=&#8221;Conhe\u00e7a a Maya&#8221; _builder_version=&#8221;4.27.4&#8243; _module_preset=&#8221;1cc6214c-cc59-4e35-8ac0-28729a57edbc&#8221; global_colors_info=&#8221;{}&#8221;][\/et_pb_button][\/et_pb_column][\/et_pb_row][et_pb_row _builder_version=&#8221;4.27.3&#8243; _module_preset=&#8221;default&#8221; global_colors_info=&#8221;{}&#8221;][et_pb_column type=&#8221;4_4&#8243; _builder_version=&#8221;4.27.3&#8243; _module_preset=&#8221;default&#8221; global_colors_info=&#8221;{}&#8221;][et_pb_contact_form captcha=&#8221;off&#8221; _builder_version=&#8221;4.27.4&#8243; _module_preset=&#8221;c42db4ee-c7c8-4505-a717-e5e618777d67&#8243; _unique_id=&#8221;df13f7e0-3462-4f03-b549-cebf1f137101&#8243; form_field_custom_margin=&#8221;||||false|false&#8221; hover_enabled=&#8221;0&#8243; global_colors_info=&#8221;{}&#8221; sticky_enabled=&#8221;0&#8243;][et_pb_contact_field field_id=&#8221;Name&#8221; field_title=&#8221;Nome&#8221; _builder_version=&#8221;4.27.4&#8243; hover_enabled=&#8221;0&#8243; global_colors_info=&#8221;{}&#8221; button_text_size__hover_enabled=&#8221;off&#8221; button_one_text_size__hover_enabled=&#8221;off&#8221; button_two_text_size__hover_enabled=&#8221;off&#8221; button_text_color__hover_enabled=&#8221;off&#8221; button_one_text_color__hover_enabled=&#8221;off&#8221; button_two_text_color__hover_enabled=&#8221;off&#8221; button_border_width__hover_enabled=&#8221;off&#8221; button_one_border_width__hover_enabled=&#8221;off&#8221; button_two_border_width__hover_enabled=&#8221;off&#8221; button_border_color__hover_enabled=&#8221;off&#8221; button_one_border_color__hover_enabled=&#8221;off&#8221; button_two_border_color__hover_enabled=&#8221;off&#8221; button_border_radius__hover_enabled=&#8221;off&#8221; button_one_border_radius__hover_enabled=&#8221;off&#8221; button_two_border_radius__hover_enabled=&#8221;off&#8221; button_letter_spacing__hover_enabled=&#8221;off&#8221; button_one_letter_spacing__hover_enabled=&#8221;off&#8221; button_two_letter_spacing__hover_enabled=&#8221;off&#8221; button_bg_color__hover_enabled=&#8221;off&#8221; button_one_bg_color__hover_enabled=&#8221;off&#8221; button_two_bg_color__hover_enabled=&#8221;off&#8221; sticky_enabled=&#8221;0&#8243;][\/et_pb_contact_field][et_pb_contact_field field_id=&#8221;Email&#8221; field_title=&#8221;Email&#8221; field_type=&#8221;email&#8221; _builder_version=&#8221;4.27.4&#8243; hover_enabled=&#8221;0&#8243; global_colors_info=&#8221;{}&#8221; button_text_size__hover_enabled=&#8221;off&#8221; button_one_text_size__hover_enabled=&#8221;off&#8221; button_two_text_size__hover_enabled=&#8221;off&#8221; button_text_color__hover_enabled=&#8221;off&#8221; button_one_text_color__hover_enabled=&#8221;off&#8221; button_two_text_color__hover_enabled=&#8221;off&#8221; button_border_width__hover_enabled=&#8221;off&#8221; button_one_border_width__hover_enabled=&#8221;off&#8221; button_two_border_width__hover_enabled=&#8221;off&#8221; button_border_color__hover_enabled=&#8221;off&#8221; button_one_border_color__hover_enabled=&#8221;off&#8221; button_two_border_color__hover_enabled=&#8221;off&#8221; button_border_radius__hover_enabled=&#8221;off&#8221; button_one_border_radius__hover_enabled=&#8221;off&#8221; button_two_border_radius__hover_enabled=&#8221;off&#8221; button_letter_spacing__hover_enabled=&#8221;off&#8221; button_one_letter_spacing__hover_enabled=&#8221;off&#8221; button_two_letter_spacing__hover_enabled=&#8221;off&#8221; button_bg_color__hover_enabled=&#8221;off&#8221; button_one_bg_color__hover_enabled=&#8221;off&#8221; button_two_bg_color__hover_enabled=&#8221;off&#8221; sticky_enabled=&#8221;0&#8243;][\/et_pb_contact_field][et_pb_contact_field field_id=&#8221;Mensage&#8221; field_title=&#8221;Mensagem&#8221; field_type=&#8221;text&#8221; fullwidth_field=&#8221;on&#8221; _builder_version=&#8221;4.27.4&#8243; hover_enabled=&#8221;0&#8243; global_colors_info=&#8221;{}&#8221; button_text_size__hover_enabled=&#8221;off&#8221; button_one_text_size__hover_enabled=&#8221;off&#8221; button_two_text_size__hover_enabled=&#8221;off&#8221; button_text_color__hover_enabled=&#8221;off&#8221; button_one_text_color__hover_enabled=&#8221;off&#8221; button_two_text_color__hover_enabled=&#8221;off&#8221; button_border_width__hover_enabled=&#8221;off&#8221; button_one_border_width__hover_enabled=&#8221;off&#8221; button_two_border_width__hover_enabled=&#8221;off&#8221; button_border_color__hover_enabled=&#8221;off&#8221; button_one_border_color__hover_enabled=&#8221;off&#8221; button_two_border_color__hover_enabled=&#8221;off&#8221; button_border_radius__hover_enabled=&#8221;off&#8221; button_one_border_radius__hover_enabled=&#8221;off&#8221; button_two_border_radius__hover_enabled=&#8221;off&#8221; button_letter_spacing__hover_enabled=&#8221;off&#8221; button_one_letter_spacing__hover_enabled=&#8221;off&#8221; button_two_letter_spacing__hover_enabled=&#8221;off&#8221; button_bg_color__hover_enabled=&#8221;off&#8221; button_one_bg_color__hover_enabled=&#8221;off&#8221; button_two_bg_color__hover_enabled=&#8221;off&#8221; sticky_enabled=&#8221;0&#8243;][\/et_pb_contact_field][\/et_pb_contact_form][\/et_pb_column][\/et_pb_row][\/et_pb_section]<\/p>\n","protected":false},"excerpt":{"rendered":"<p>Conhe\u00e7a nossos projetos para gerenciamento e desenvolvimento de Startups com uso de Agentes de IA especialistas para auxiliar na otimiza\u00e7\u00e3o de resultados em tempo recorde.Tenha um grupo de executivos de primeira linha trabalhando para sua empresa por uma fra\u00e7\u00e3o do custo de um profissional de alto n\u00edvel.Temos uma solu\u00e7\u00e3o mais simples para atendimento, agendamento e [&hellip;]<\/p>\n","protected":false},"author":1,"featured_media":0,"parent":0,"menu_order":0,"comment_status":"closed","ping_status":"closed","template":"","meta":{"_et_pb_use_builder":"on","_et_pb_old_content":"","_et_gb_content_width":"","footnotes":""},"class_list":["post-50","page","type-page","status-publish","hentry"],"_links":{"self":[{"href":"https:\/\/tachion.com.br\/merlin.dev.br\/index.php\/wp-json\/wp\/v2\/pages\/50","targetHints":{"allow":["GET"]}}],"collection":[{"href":"https:\/\/tachion.com.br\/merlin.dev.br\/index.php\/wp-json\/wp\/v2\/pages"}],"about":[{"href":"https:\/\/tachion.com.br\/merlin.dev.br\/index.php\/wp-json\/wp\/v2\/types\/page"}],"author":[{"embeddable":true,"href":"https:\/\/tachion.com.br\/merlin.dev.br\/index.php\/wp-json\/wp\/v2\/users\/1"}],"replies":[{"embeddable":true,"href":"https:\/\/tachion.com.br\/merlin.dev.br\/index.php\/wp-json\/wp\/v2\/comments?post=50"}],"version-history":[{"count":9,"href":"https:\/\/tachion.com.br\/merlin.dev.br\/index.php\/wp-json\/wp\/v2\/pages\/50\/revisions"}],"predecessor-version":[{"id":158,"href":"https:\/\/tachion.com.br\/merlin.dev.br\/index.php\/wp-json\/wp\/v2\/pages\/50\/revisions\/158"}],"wp:attachment":[{"href":"https:\/\/tachion.com.br\/merlin.dev.br\/index.php\/wp-json\/wp\/v2\/media?parent=50"}],"curies":[{"name":"wp","href":"https:\/\/api.w.org\/{rel}","templated":true}]}}